  {"id":5661,"date":"2015-11-24T14:56:32","date_gmt":"2015-11-24T19:56:32","guid":{"rendered":"http:\/\/www.un.org\/sustainabledevelopment\/es\/?page_id=5661"},"modified":"2021-05-04T12:38:31","modified_gmt":"2021-05-04T16:38:31","slug":"takeaction","status":"publish","type":"page","link":"https:\/\/www.un.org\/sustainabledevelopment\/es\/takeaction\/","title":{"rendered":"La Gu\u00eda de los vagos para salvar el mundo"},"content":{"rendered":"<div class=\"fusion-fullwidth fullwidth-box fusion-builder-row-1 nonhundred-percent-fullwidth non-hundred-percent-height-scrolling\" style=\"--awb-border-radius-top-left:0px;--awb-border-radius-top-right:0px;--awb-border-radius-bottom-right:0px;--awb-border-radius-bottom-left:0px;--awb-flex-wrap:wrap;\" ><div class=\"fusion-builder-row fusion-row\"><div class=\"fusion-layout-column fusion_builder_column fusion-builder-column-0 fusion_builder_column_1_1 1_1 fusion-one-full fusion-column-first fusion-column-last\" style=\"--awb-bg-size:cover;\"><div class=\"fusion-column-wrapper fusion-flex-column-wrapper-legacy\"><div class=\"fusion-image-element in-legacy-container\" style=\"--awb-caption-title-font-family:var(--h2_typography-font-family);--awb-caption-title-font-weight:var(--h2_typography-font-weight);--awb-caption-title-font-style:var(--h2_typography-font-style);--awb-caption-title-size:var(--h2_typography-font-size);--awb-caption-title-transform:var(--h2_typography-text-transform);--awb-caption-title-line-height:var(--h2_typography-line-height);--awb-caption-title-letter-spacing:var(--h2_typography-letter-spacing);\"><span class=\" fusion-imageframe imageframe-none imageframe-1 hover-type-none\"><img decoding=\"async\" width=\"1272\" height=\"823\" alt=\"Gu\u00eda de los Vagos para SALVAR EL MUNDO\" title=\"Lazy guide_SP\" src=\"https:\/\/www.un.org\/sustainabledevelopment\/es\/wp-content\/uploads\/sites\/3\/2017\/11\/Lazy-guide_SP-e1533832436696.gif\" class=\"img-responsive wp-image-16006\"\/><\/span><\/div><div class=\"fusion-text fusion-text-1\"><p>Acabar con la pobreza extrema. Luchar contra la desigualdad y la injusticia. Solucionar el problema del cambio clim\u00e1tico. Los objetivos mundiales son importantes, son objetivos que cambiar\u00e1n el mundo y para los que ser\u00e1 necesaria la cooperaci\u00f3n entre los gobiernos, las organizaciones internacionales y los l\u00edderes mundiales. Parece imposible que las personas de a pie puedan influir en algo. \u00bfVa a rendirse sin m\u00e1s?<\/p>\n<p>\u00a1No! El cambio empieza por usted. De verdad. Todos y cada uno de los seres humanos del mundo, hasta los m\u00e1s indiferentes y perezosos, forman parte de la soluci\u00f3n. Por suerte, hay cosas facil\u00edsimas que podemos introducir en nuestra rutina y, si todos lo hacemos, lograremos grandes cambios.<\/p>\n<p>Se lo hemos puesto f\u00e1cil y hemos recopilado tan solo unas cuantas cosas de las muchas que puede hacer para obtener resultados.<\/p>\n<p>Haga <a href=\"https:\/\/www.un.org\/sustainabledevelopment\/es\/wp-content\/uploads\/sites\/3\/2019\/04\/17-00011_LazyPersonGuide_flyer_Spanish_final.pdf\" rel=\"attachment wp-att-21601\">clic aqu\u00ed<\/a>\u00a0para descargar algunas de las acciones en formato PDF.<\/p>\n<\/div><div class=\"fusion-sep-clear\"><\/div><div class=\"fusion-separator fusion-full-width-sep\" style=\"margin-left: auto;margin-right: auto;width:100%;\"><div class=\"fusion-separator-border sep-single sep-solid\" style=\"--awb-height:20px;--awb-amount:20px;--awb-sep-color:#03a9f4;border-color:#03a9f4;border-top-width:3px;\"><\/div><\/div><div class=\"fusion-sep-clear\"><\/div><div class=\"fusion-sep-clear\"><\/div><div class=\"fusion-separator fusion-full-width-sep\" style=\"margin-left: auto;margin-right: auto;width:100%;\"><div class=\"fusion-separator-border sep-double sep-solid\" style=\"--awb-height:20px;--awb-amount:20px;--awb-sep-color:#ffffff;border-color:#ffffff;border-top-width:33px;border-bottom-width:33px;\"><\/div><\/div><div class=\"fusion-sep-clear\"><\/div><div class=\"fusion-tabs fusion-tabs-1 classic nav-is-justified horizontal-tabs icon-position-left mobile-mode-accordion\" style=\"--awb-title-border-radius-top-left:0px;--awb-title-border-radius-top-right:0px;--awb-title-border-radius-bottom-right:0px;--awb-title-border-radius-bottom-left:0px;--awb-inactive-color:#f2f2f2;--awb-background-color:#ffffff;--awb-border-color:#ebeaea;--awb-active-border-color:#00adef;\" id=\"LPGtabs\"><div class=\"nav\"><ul class=\"nav-tabs nav-justified\" role=\"tablist\"><li class=\"active\" role=\"presentation\"><a class=\"tab-link\" data-toggle=\"tab\" role=\"tab\" aria-controls=\"tab-349078bd038b6849171\" aria-selected=\"true\" id=\"fusion-tab-nivel1\" href=\"#tab-349078bd038b6849171\"><h4 class=\"fusion-tab-heading\">Nivel 1<\/h4><\/a><\/li><li role=\"presentation\"><a class=\"tab-link\" data-toggle=\"tab\" role=\"tab\" aria-controls=\"tab-9ed5ce3143de8e064c8\" aria-selected=\"false\" tabindex=\"-1\" id=\"fusion-tab-nivel2\" href=\"#tab-9ed5ce3143de8e064c8\"><h4 class=\"fusion-tab-heading\">Nivel 2<\/h4><\/a><\/li><li role=\"presentation\"><a class=\"tab-link\" data-toggle=\"tab\" role=\"tab\" aria-controls=\"tab-32db86f204e7ea55cb6\" aria-selected=\"false\" tabindex=\"-1\" id=\"fusion-tab-nivel3\" href=\"#tab-32db86f204e7ea55cb6\"><h4 class=\"fusion-tab-heading\">Nivel 3<\/h4><\/a><\/li><li role=\"presentation\"><a class=\"tab-link\" data-toggle=\"tab\" role=\"tab\" aria-controls=\"tab-784302c4e61288e84b9\" aria-selected=\"false\" tabindex=\"-1\" id=\"fusion-tab-nivel4\" href=\"#tab-784302c4e61288e84b9\"><h4 class=\"fusion-tab-heading\">Nivel 4<\/h4><\/a><\/li><\/ul><\/div><div class=\"tab-content\"><div class=\"nav fusion-mobile-tab-nav\"><ul class=\"nav-tabs nav-justified\" role=\"tablist\"><li class=\"active\" role=\"presentation\"><a class=\"tab-link\" data-toggle=\"tab\" role=\"tab\" aria-controls=\"tab-349078bd038b6849171\" aria-selected=\"true\" id=\"mobile-fusion-tab-nivel1\" href=\"#tab-349078bd038b6849171\"><h4 class=\"fusion-tab-heading\">Nivel 1<\/h4><\/a><\/li><\/ul><\/div><div class=\"tab-pane fade fusion-clearfix in active\" role=\"tabpanel\" tabindex=\"0\" aria-labelledby=\"fusion-tab-nivel1\" id=\"tab-349078bd038b6849171\">\n<h2 class=\"title-heading-left\">Cosas que puede hacer desde el sof\u00e1<img decoding=\"async\" class=\"alignright wp-image-11633 \" src=\"https:\/\/www.un.org\/sustainabledevelopment\/es\/wp-content\/uploads\/sites\/3\/2015\/11\/17-00011_Lazy-guide_Spanish_level-1-600x1024.jpg\" alt=\"\" width=\"283\" height=\"483\" srcset=\"https:\/\/www.un.org\/sustainabledevelopment\/wp-content\/uploads\/sites\/3\/2015\/11\/17-00011_Lazy-guide_Spanish_level-1-176x300.jpg 176w, https:\/\/www.un.org\/sustainabledevelopment\/wp-content\/uploads\/sites\/3\/2015\/11\/17-00011_Lazy-guide_Spanish_level-1-600x1024.jpg 600w, https:\/\/www.un.org\/sustainabledevelopment\/wp-content\/uploads\/sites\/3\/2015\/11\/17-00011_Lazy-guide_Spanish_level-1.jpg 1200w\" sizes=\"(max-width: 283px) 100vw, 283px\" \/><\/h2>\n<ul>\n<li>Ahorre electricidad enchufando los electrodom\u00e9sticos en una regleta y desconect\u00e1ndolos por completo cuando no los utilice, incluso su ordenador.<\/li>\n<li>Deje de utilizar los estados de cuenta bancarios en papel y pague sus facturas en l\u00ednea o a trav\u00e9s del tel\u00e9fono m\u00f3vil.<\/li>\n<li>Comparta, no se limite a hacer clic en \u201cme gusta\u201d. Si ve una publicaci\u00f3n interesante en las redes sociales sobre los derechos de la mujer o el cambio clim\u00e1tico, comp\u00e1rtala para que las personas de su red tambi\u00e9n la vean.<\/li>\n<li>\u00a1Hable alto y claro! Pida a las autoridades locales y nacionales que participen en iniciativas que no da\u00f1en a las personas ni al planeta. Antes de la Conferencia sobre el Cambio Clim\u00e1tico de Par\u00eds, puede firmar esta <a href=\"http:\/\/momentforaction.org\/\">petici\u00f3n<\/a> para pedir a los l\u00edderes que lleguen a un acuerdo para reducir las emisiones de carbono.<\/li>\n<li>Apague las luces. La televisi\u00f3n y la pantalla del ordenador ya emiten una luminosidad c\u00f3moda, as\u00ed que apague las otras luces si no las necesita.<\/li>\n<li>Investigue un poco por la red y compre solo en empresas que sepa que aplican pr\u00e1cticas sostenibles y no da\u00f1an el medio ambiente<\/li>\n<li>Denuncie el acoso en l\u00ednea. Si observa acoso en un tabl\u00f3n de mensajes o en un espacio de tertulias, se\u00f1ale a su autor o autora.<\/li>\n<li>Mant\u00e9ngase informado. Siga nuestras noticias locales y est\u00e9 al d\u00eda sobre los objetivos mundiales en l\u00ednea o en las redes sociales a trav\u00e9s de <a href=\"http:\/\/twitter.com\/GlobalGoalsUN\">@GlobalGoalsUN<\/a>.<\/li>\n<li>Cu\u00e9ntenos lo que hace para lograr los objetivos mundiales utilizando la etiqueta #globalgoals en las redes sociales.<\/li>\n<li>\u00a1Compense sus emisiones de carbono! Ya puede calcular su huella de carbono y comprar cr\u00e9dito clim\u00e1tico en <a href=\"http:\/\/climateneutralnow.org\/SitePages\/How.aspx\">Climate Neutral Now<\/a> (solo disponible en ingl\u00e9s).<\/li>\n<\/ul>\n<\/div><div class=\"nav fusion-mobile-tab-nav\"><ul class=\"nav-tabs nav-justified\" role=\"tablist\"><li role=\"presentation\"><a class=\"tab-link\" data-toggle=\"tab\" role=\"tab\" aria-controls=\"tab-9ed5ce3143de8e064c8\" aria-selected=\"false\" tabindex=\"-1\" id=\"mobile-fusion-tab-nivel2\" href=\"#tab-9ed5ce3143de8e064c8\"><h4 class=\"fusion-tab-heading\">Nivel 2<\/h4><\/a><\/li><\/ul><\/div><div class=\"tab-pane fade fusion-clearfix\" role=\"tabpanel\" tabindex=\"0\" aria-labelledby=\"fusion-tab-nivel2\" id=\"tab-9ed5ce3143de8e064c8\">\n<h2 class=\"title-heading-left\">Cosas que puede hacer en casa<img decoding=\"async\" class=\"alignright wp-image-11637 \" src=\"https:\/\/www.un.org\/sustainabledevelopment\/es\/wp-content\/uploads\/sites\/3\/2015\/11\/17-00011_Lazy-guide_Spanish_level-2-574x1024.jpg\" alt=\"\" width=\"298\" height=\"531\" srcset=\"https:\/\/www.un.org\/sustainabledevelopment\/wp-content\/uploads\/sites\/3\/2015\/11\/17-00011_Lazy-guide_Spanish_level-2-168x300.jpg 168w, https:\/\/www.un.org\/sustainabledevelopment\/wp-content\/uploads\/sites\/3\/2015\/11\/17-00011_Lazy-guide_Spanish_level-2-574x1024.jpg 574w, https:\/\/www.un.org\/sustainabledevelopment\/wp-content\/uploads\/sites\/3\/2015\/11\/17-00011_Lazy-guide_Spanish_level-2.jpg 1148w\" sizes=\"(max-width: 298px) 100vw, 298px\" \/><\/h2>\n<ul>\n<li>Seque las cosas al aire. Deje que el pelo y la ropa se sequen de forma natural en lugar de encender una m\u00e1quina. Cuando lave la ropa, aseg\u00farese de que la carga est\u00e1 completa.<\/li>\n<li>Tome duchas cortas. Las ba\u00f1eras necesitan muchos m\u00e1s litros de agua que una ducha de entre 5 y 10 minutos.<\/li>\n<li>Coma menos carne y pescado. Se destinan m\u00e1s recursos para la obtenci\u00f3n de carne que para el crecimiento de las plantas.<\/li>\n<li>Congele los productos frescos y las sobras si no va a poder comerlos antes de que se estropeen. Tambi\u00e9n puede hacerlo con la comida para llevar o de reparto, si sabe que no le va a apetecer comerla al d\u00eda siguiente. As\u00ed, ahorrar\u00e1 comida y dinero.<\/li>\n<li>Fertilizantes org\u00e1nicos: utilizar los restos de alimentos como abono puede reducir los efectos del cambio clim\u00e1tico al mismo tiempo que se reciclan los nutrientes.<\/li>\n<li>El reciclado de papel, pl\u00e1stico, vidrio y aluminio impide que los vertederos sigan creciendo.<\/li>\n<li>Compre productos que est\u00e9n m\u00ednimamente empaquetados.<\/li>\n<li>Evite precalentar el horno. A menos que necesite una determinada temperatura de cocci\u00f3n, empiece a calentar la comida justo al encender el horno.<\/li>\n<li>A\u00edsle las ventanas y las puertas para aumentar la eficiencia energ\u00e9tica<\/li>\n<li>Ajuste su termostato, m\u00e1s bajo en invierno y m\u00e1s alto en verano<\/li>\n<li>Sustituya los electrodom\u00e9sticos viejos por modelos que aporten un consumo energ\u00e9tico m\u00e1s eficiente y cambie las bombillas de la casa.<\/li>\n<li>Si puede, instale paneles solares en su casa. \u00a1De este modo, tambi\u00e9n se reducir\u00e1 su factura de electricidad!.<\/li>\n<li>Ponga moqueta. Las alfombras y las moquetas mantienen la casa caliente y el termostato bajo.<\/li>\n<li>No enjuague la vajilla. Si utiliza lavavajillas, no enjuague los platos antes de meterlos en la m\u00e1quina.<\/li>\n<li>Escoja una mejor alternativa de pa\u00f1ales. Envuelva a su beb\u00e9 en pa\u00f1ales de tela o en pa\u00f1ales desechables y ecol\u00f3gicos de una marca nueva.<\/li>\n<li>Retire la nieve manualmente. Evite los ruidosos sopladores de nieve, que producen gases de escape, y haga un poco de ejercicio<\/li>\n<li>Utilice cerillas de cart\u00f3n. No necesitan nada de petr\u00f3leo, a diferencia de los mecheros de gas fabricados de pl\u00e1stico.<\/li>\n<\/ul>\n<\/div><div class=\"nav fusion-mobile-tab-nav\"><ul class=\"nav-tabs nav-justified\" role=\"tablist\"><li role=\"presentation\"><a class=\"tab-link\" data-toggle=\"tab\" role=\"tab\" aria-controls=\"tab-32db86f204e7ea55cb6\" aria-selected=\"false\" tabindex=\"-1\" id=\"mobile-fusion-tab-nivel3\" href=\"#tab-32db86f204e7ea55cb6\"><h4 class=\"fusion-tab-heading\">Nivel 3<\/h4><\/a><\/li><\/ul><\/div><div class=\"tab-pane fade fusion-clearfix\" role=\"tabpanel\" tabindex=\"0\" aria-labelledby=\"fusion-tab-nivel3\" id=\"tab-32db86f204e7ea55cb6\">\n<h2 class=\"title-heading-left\">Cosas que puede hacer fuera de casa<a href=\"https:\/\/www.un.org\/sustainabledevelopment\/es\/wp-content\/uploads\/sites\/3\/2015\/11\/17-00011_Lazy-guide_Spanish_level-3.jpg\"><img decoding=\"async\" class=\"alignright wp-image-32495 \" src=\"https:\/\/www.un.org\/sustainabledevelopment\/es\/wp-content\/uploads\/sites\/3\/2015\/11\/17-00011_Lazy-guide_Spanish_level-3.jpg\" alt=\"\" width=\"279\" height=\"650\" \/><\/a><\/h2>\n<ul>\n<li>Compre productos locales. Apoyar los negocios de la zona ayuda a la gente a conservar su empleo y contribuye a impedir que los camiones tengan que desplazarse grandes distancias.<\/li>\n<li>Compre con cabeza: planifique las comidas, haga listas de la compra y evite las compras impulsivas. No sucumba ante los trucos de comercializaci\u00f3n que le llevan a comprar m\u00e1s alimentos de los que necesita, sobre todo en lo que respecta a los productos perecederos. Aunque pueden ser m\u00e1s baratos por peso, al final pueden resultar m\u00e1s caros si tenemos que desechar gran parte de esa comida.<\/li>\n<li>Compre fruta de aspecto raro: muchas piezas de fruta y verdura se tiran por no tener el tama\u00f1o, forma o color \u00abadecuados\u00bb. Al comprar estas piezas de fruta que est\u00e1n en buen estado a pesar de tener un aspecto raro, ya sea en el mercado del productor o en cualquier otro lugar, estamos utilizando alimentos que de otro modo podr\u00edan acabar en la basura.<\/li>\n<li>Cuando vaya a un restaurante y pida marisco, pregunte siempre si sirven marisco sostenible. Que sus negocios favoritos sepan que el marisco obtenido de forma respetuosa con los oc\u00e9anos est\u00e1 en su lista de la compra.<\/li>\n<li>Compre \u00fanicamente marisco sostenible. Ahora, existen <a href=\"http:\/\/www.seafoodwatch.org\/seafood-recommendations\/our-app\">aplicaciones como esta<\/a> que le indican qu\u00e9 productos es seguro consumir.<\/li>\n<li>Despl\u00e1cese en bicicleta, andando o en transporte p\u00fablico. Evite utilizar el coche excepto cuando tenga un grupo grande de personas.<\/li>\n<li>Utilice una botella de agua y una taza de caf\u00e9 reutilizables. De este modo, reducir\u00e1 los desechos y quiz\u00e1 hasta pueda ahorrar dinero en la cafeter\u00eda.<\/li>\n<li>Lleve su propia bolsa a la compra. Deje la bolsa de pl\u00e1stico y empiece a llevar sus propias bolsas reutilizables.<\/li>\n<li>Coja menos servilletas. No necesita un pu\u00f1ado de servilletas para la comida que compra para llevar. Tome solo las que necesite.<\/li>\n<li>Compre productos de segunda mano. Las cosas nuevas no tienen por qu\u00e9 ser las mejores. Visite tiendas de segunda mano para ver qu\u00e9 puede volver a utilizar.<\/li>\n<li>Mantenga el coche en buen estado. Un coche a punto emitir\u00e1 menos gases t\u00f3xicos.<\/li>\n<li>Done lo que no utiliza. Las organizaciones ben\u00e9ficas locales dar\u00e1n una nueva vida a su ropa, sus libros y sus muebles poco usados.<\/li>\n<li>Vac\u00fanese y vacune a sus hijos. Proteger a su familia de enfermedades tambi\u00e9n ayuda a la salud p\u00fablica.<\/li>\n<li>Haga uso de su derecho a elegir los l\u00edderes de su pa\u00eds y comunidad local.<\/li>\n<\/ul>\n<\/div><div class=\"nav fusion-mobile-tab-nav\"><ul class=\"nav-tabs nav-justified\" role=\"tablist\"><li role=\"presentation\"><a class=\"tab-link\" data-toggle=\"tab\" role=\"tab\" aria-controls=\"tab-784302c4e61288e84b9\" aria-selected=\"false\" tabindex=\"-1\" id=\"mobile-fusion-tab-nivel4\" href=\"#tab-784302c4e61288e84b9\"><h4 class=\"fusion-tab-heading\">Nivel 4<\/h4><\/a><\/li><\/ul><\/div><div class=\"tab-pane fade fusion-clearfix\" role=\"tabpanel\" tabindex=\"0\" aria-labelledby=\"fusion-tab-nivel4\" id=\"tab-784302c4e61288e84b9\">\n<h2 class=\"title-heading-left\">Cosas que podr\u00eda hacer en el trabajo<\/h2>\n<ul>\n<li>Si tiene alguna pieza de fruta o alg\u00fan aperitivo que no quiera, no lo tire. D\u00e9selo a alguien que necesite <a href=\"https:\/\/www.un.org\/sustainabledevelopment\/es\/wp-content\/uploads\/sites\/3\/2018\/08\/LEVEL_4_SPANISH-1.jpg\"><img decoding=\"async\" class=\"alignright wp-image-42718\" src=\"https:\/\/www.un.org\/sustainabledevelopment\/es\/wp-content\/uploads\/sites\/3\/2018\/08\/LEVEL_4_SPANISH-1.jpg\" alt=\"\" width=\"278\" height=\"553\" \/><\/a> y est\u00e9 pidiendo ayuda. [<\/li>\n<li>\u00bfTodo el mundo en el trabajo tiene acceso a atenci\u00f3n m\u00e9dica? Averig\u00fce qu\u00e9 derechos le asisten en el trabajo. Luche contra la desigualdad.<\/li>\n<li>Asesore a los j\u00f3venes. Constituye una manera atenta, estimulante y eficaz de orientar a las personas para mejorar su futuro.<\/li>\n<li>Las mujeres ganan entre un 10% y un 30% menos que los hombres por realizar el mismo trabajo. La desigualdad de remuneraci\u00f3n persiste en todos los entornos. Exprese su respaldo del principio de igual salario por trabajo igual.<\/li>\n<li>Existen 4000\u00a0millones de personas sin acceso a servicios b\u00e1sicos de saneamiento. \u00a1Denuncie en su nombre la carencia de retretes en numerosas comunidades de todo el mundo!.<\/li>\n<li>Aseg\u00farese de que su empresa utilice tecnolog\u00eda de calefacci\u00f3n y refrigeraci\u00f3n energ\u00e9ticamente eficiente y ajuste el termostato a un nivel inferior en invierno y superior en verano.<\/li>\n<li>Mant\u00e9ngase informado. Lea acerca de la situaci\u00f3n de los trabajadores en otros pa\u00edses y las pr\u00e1cticas empresariales. Hable con sus colegas sobre estas cuestiones.<\/li>\n<li>\u00bfInvierte su empresa en infraestructura limpia y resiliente? Es el \u00fanico modo de proteger a los trabajadores y el medio ambiente.<\/li>\n<li>Alce la voz contra todo tipo de discriminaci\u00f3n en su oficina. Todas las personas son iguales independientemente de su g\u00e9nero, raza, orientaci\u00f3n sexual, origen social y capacidad f\u00edsica. [<\/li>\n<li>Vaya al trabajo en bicicleta, caminando o en transporte p\u00fablico. Reserve los desplazamientos en coche para cuando re\u00fana a un grupo grande de personas.<\/li>\n<li>Organice en el trabajo una Semana Sin Impacto Ambiental. Aprenda a vivir de manera m\u00e1s sostenible durante al menos una semana: \u00a0<a href=\"http:\/\/un.org\/sustainabledevelopment\/be-the-change\">un.org\/sustainabledevelopment\/be-the-change<\/a>.<\/li>\n<li>\u00a1Exprese su opini\u00f3n! Pida a su empresa y a su Gobierno que lleven a cabo iniciativas inocuas para las personas o el planeta. \u00a1Manifieste su apoyo al Acuerdo de Par\u00eds!<\/li>\n<li>Intenta generar menos basura, ya que la mayor parte acaba en los oc\u00e9anos.<\/li>\n<li>Analice y modifique las decisiones cotidianas. \u00bfTiene la posibilidad de reciclar en su lugar de trabajo? \u00bfRealiza su empresa adquisiciones a proveedores que llevan a cabo pr\u00e1cticas perjudiciales para el medio ambiente?<\/li>\n<li>Inf\u00f3rmate acerca de tus derechos laborales para asegurarte el acceso a la justicia.<\/li>\n<li>La responsabilidad social empresarial \u00a1es importante! Anime a su empresa a colaborar con la sociedad civil y a encontrar formas de ayudar a las comunidades locales a lograr los objetivos.<\/li>\n<\/ul>\n<\/div><\/div><\/div><div class=\"fusion-clearfix\"><\/div><\/div><\/div><\/div><\/div>\n","protected":false},"excerpt":{"rendered":"","protected":false},"author":34,"featured_media":0,"parent":0,"menu_order":0,"comment_status":"closed","ping_status":"closed","template":"","meta":{"_et_pb_use_builder":"","_et_pb_old_content":"","_et_gb_content_width":"","footnotes":""},"class_list":["post-5661","page","type-page","status-publish","hentry"],"_links":{"self":[{"href":"https:\/\/www.un.org\/sustainabledevelopment\/es\/wp-json\/wp\/v2\/pages\/5661","targetHints":{"allow":["GET"]}}],"collection":[{"href":"https:\/\/www.un.org\/sustainabledevelopment\/es\/wp-json\/wp\/v2\/pages"}],"about":[{"href":"https:\/\/www.un.org\/sustainabledevelopment\/es\/wp-json\/wp\/v2\/types\/page"}],"author":[{"embeddable":true,"href":"https:\/\/www.un.org\/sustainabledevelopment\/es\/wp-json\/wp\/v2\/users\/34"}],"replies":[{"embeddable":true,"href":"https:\/\/www.un.org\/sustainabledevelopment\/es\/wp-json\/wp\/v2\/comments?post=5661"}],"version-history":[{"count":0,"href":"https:\/\/www.un.org\/sustainabledevelopment\/es\/wp-json\/wp\/v2\/pages\/5661\/revisions"}],"wp:attachment":[{"href":"https:\/\/www.un.org\/sustainabledevelopment\/es\/wp-json\/wp\/v2\/media?parent=5661"}],"curies":[{"name":"wp","href":"https:\/\/api.w.org\/{rel}","templated":true}]}}